{"id":620,"date":"2025-02-09T19:39:27","date_gmt":"2025-02-09T19:39:27","guid":{"rendered":"https:\/\/hondapwerequipment.com\/?post_type=product&#038;p=620"},"modified":"2025-02-09T19:40:54","modified_gmt":"2025-02-09T19:40:54","slug":"frc800","status":"publish","type":"product","link":"https:\/\/hondapwerequipment.com\/pl\/produkt\/frc800\/","title":{"rendered":"FRC800"},"content":{"rendered":"<div id=\"Features\" class=\"anchor2 container g-py-0\">\n<div class=\"row\">\n<h2><strong>Glebogryzarka Honda FRC800 na sprzeda\u017c<\/strong><\/h2>\n<div><\/div>\n<div>Glebogryzarka tylnoz\u0119bowa Honda FRC800 jest \u0142atwa w obs\u0142udze dzi\u0119ki mocnemu czterosuwowemu silnikowi g\u00f3rnozaworowemu Honda i 12-calowym z\u0119bom do g\u0142\u0119bokiej orki.<\/div>\n<div class=\"col-lg-2 featimg text-center g-pa-10 g-mb-0 g-font-weight-600\"><img decoding=\"async\" class=\"img-fluid\" src=\"https:\/\/services.powerequipment.honda.com\/content\/images\/pe\/models\/features\/thumbs\/gx240.jpg\" alt=\"Easy starting Honda commercial OHV engine\" \/><\/div>\n<div class=\"col-lg-4 g-pa-10 g-mb-0\">\n<p><span class=\"g-color-black g-font-weight-700\">\u0141atwy rozruch komercyjnego silnika Honda OHV<\/span>Doskona\u0142a moc do kopania w trudnych warunkach. Wytrzyma\u0142y 4-suwowy silnik Honda klasy komercyjnej zapewnia \u0142atwy rozruch, cich\u0105 prac\u0119, ni\u017csz\u0105 emisj\u0119 spalin i \u0142atwe tankowanie.<\/p>\n<\/div>\n<div class=\"col-lg-2 featimg text-center g-pa-10 g-mb-0 g-font-weight-600\"><\/div>\n<div class=\"col-lg-4 g-pa-10 g-mb-0\">\n<p><span class=\"g-color-black g-font-weight-700\">Szeroko\u015b\u0107 orki 20\u2033, \u015brednica z\u0119b\u00f3w 12\u2033<\/span>Umo\u017cliwia szybk\u0105 prac\u0119 na du\u017cych powierzchniach.<\/p>\n<\/div>\n<div class=\"col-lg-2 featimg text-center g-pa-10 g-mb-0 g-font-weight-600\"><img decoding=\"async\" class=\"img-fluid\" src=\"https:\/\/services.powerequipment.honda.com\/content\/images\/pe\/models\/features\/thumbs\/frc800-loop-handle.jpg\" alt=\"Convenient &quot;loop handle&quot; design allows operation from either side\" \/><\/div>\n<div class=\"col-lg-4 g-pa-10 g-mb-0\">\n<p><span class=\"g-color-black g-font-weight-700\">Wygodna konstrukcja \"uchwytu p\u0119tli\" umo\u017cliwia obs\u0142ug\u0119 z dowolnej strony<\/span>Umo\u017cliwia operatorowi bezpieczn\u0105 obs\u0142ug\u0119 maszyny z pozycji \u015brodkowej, lewej lub prawej. U\u0142atwia obracanie glebogryzarki na ko\u0144cu rz\u0119du.<\/p>\n<\/div>\n<div class=\"col-lg-2 featimg text-center g-pa-10 g-mb-0 g-font-weight-600\"><img decoding=\"async\" class=\"img-fluid\" src=\"https:\/\/services.powerequipment.honda.com\/content\/images\/pe\/models\/features\/thumbs\/frc800-shift-mech.jpg\" alt=\"Self propelled - 3 forward speeds, 1 reverse\" \/><\/div>\n<div class=\"col-lg-4 g-pa-10 g-mb-0\">\n<p><span class=\"g-color-black g-font-weight-700\">Samobie\u017cny - 3 pr\u0119dko\u015bci do przodu, 1 do ty\u0142u<\/span>Wiele pr\u0119dko\u015bci zapewnia wi\u0119cej opcji orki i transportu. Przek\u0142adnia klasy komercyjnej zapewnia d\u0142ug\u0105 \u017cywotno\u015b\u0107 glebogryzarki i mniejsze wymagania konserwacyjne.<\/p>\n<\/div>\n<div class=\"col-lg-2 featimg text-center g-pa-10 g-mb-0 g-font-weight-600\"><img decoding=\"async\" class=\"img-fluid\" src=\"https:\/\/services.powerequipment.honda.com\/content\/images\/pe\/models\/features\/thumbs\/frc800-tine-shield.jpg\" alt=\"Heavy duty rear debris shield\" \/><\/div>\n<div class=\"col-lg-4 g-pa-10 g-mb-0\">\n<p><span class=\"g-color-black g-font-weight-700\">Wytrzyma\u0142a tylna os\u0142ona przeciwod\u0142amkowa<\/span>Pe\u0142na os\u0142ona z\u0119b\u00f3w i os\u0142ona tylna o pe\u0142nej szeroko\u015bci zapewniaj\u0105 ochron\u0119 operatora i pomagaj\u0105 uzyska\u0107 g\u0142adki, dobrze uprawiony wygl\u0105d ogrodu.<\/p>\n<\/div>\n<div class=\"col-lg-2 featimg text-center g-pa-10 g-mb-0 g-font-weight-600\"><img decoding=\"async\" class=\"img-fluid\" src=\"https:\/\/services.powerequipment.honda.com\/content\/images\/pe\/models\/features\/thumbs\/frc800-air-cleaner.jpg\" alt=\"Low maintenance Honda Cyclone air filter\" \/><\/div>\n<div class=\"col-lg-4 g-pa-10 g-mb-0\">\n<p><span class=\"g-color-black g-font-weight-700\">Niewymagaj\u0105cy konserwacji filtr powietrza Honda Cyclone<\/span>Niewymagaj\u0105cy konserwacji, a jednocze\u015bnie niezwykle skuteczny filtr powietrza Cyclone wykorzystuje specjalny kubek do oddzielania zanieczyszcze\u0144 i py\u0142u. Ograniczona konserwacja jest szczeg\u00f3lnie przydatna w przypadku wynajmu.<\/p>\n<\/div>\n<div class=\"col-lg-2 featimg text-center g-pa-10 g-mb-0 g-font-weight-600\"><img decoding=\"async\" class=\"img-fluid\" src=\"https:\/\/services.powerequipment.honda.com\/content\/images\/pe\/models\/features\/thumbs\/frc800-engine-guard.jpg\" alt=\"Protective front guard\" \/><\/div>\n<div class=\"col-lg-4 g-pa-10 g-mb-0\">\n<p><span class=\"g-color-black g-font-weight-700\">Przednia os\u0142ona ochronna<\/span>Zapewnia ochron\u0119 i u\u0142atwia mocowanie glebogryzarki na czas transportu.<\/p>\n<\/div>\n<div class=\"col-lg-2 featimg text-center g-pa-10 g-mb-0 g-font-weight-600\"><img decoding=\"async\" class=\"img-fluid\" src=\"https:\/\/services.powerequipment.honda.com\/content\/images\/pe\/models\/features\/thumbs\/frc800-controls.jpg\" alt=\"Easy access controls\" \/><\/div>\n<div class=\"col-lg-4 g-pa-10 g-mb-0\">\n<p><span class=\"g-color-black g-font-weight-700\">\u0141atwa kontrola dost\u0119pu<\/span>Prosta, nieskomplikowana konstrukcja, kt\u00f3ra kontroluje zar\u00f3wno za\u0142\u0105czanie z\u0119b\u00f3w, jak i k\u00f3\u0142 nap\u0119dowych. \u0141atwo dost\u0119pne, ergonomicznie zaprojektowane elementy steruj\u0105ce s\u0105 intuicyjne dla wypo\u017cyczalni i pocz\u0105tkuj\u0105cych u\u017cytkownik\u00f3w.<\/p>\n<\/div>\n<div class=\"col-lg-2 featimg text-center g-pa-10 g-mb-0 g-font-weight-600\"><\/div>\n<div class=\"col-lg-4 g-pa-10 g-mb-0\">\n<p><span class=\"g-color-black g-font-weight-700\">Regulowany dr\u0105\u017cek g\u0142\u0119boko\u015bci<\/span>Dostosuj g\u0142\u0119boko\u015b\u0107 orki, aby uzyska\u0107 optymaln\u0105 wydajno\u015b\u0107 w r\u00f3\u017cnych warunkach.<\/p>\n<\/div>\n<div class=\"col-lg-2 featimg text-center g-pa-10 g-mb-0 g-font-weight-600\"><\/div>\n<div class=\"col-lg-4 g-pa-10 g-mb-0\">\n<p><span class=\"g-color-black g-font-weight-700\">Wybierz swoj\u0105 wysoko\u015b\u0107 - 4-pozycyjna kierownica<\/span>Regulacja po\u0142o\u017cenia uchwytu w g\u00f3r\u0119 lub w d\u00f3\u0142 zapewnia wygodn\u0105 wysoko\u015b\u0107 robocz\u0105.<\/p>\n<\/div>\n<div class=\"col-lg-2 featimg text-center g-pa-10 g-mb-0 g-font-weight-600\"><\/div>\n<div class=\"col-lg-4 g-pa-10 g-mb-0\">\n<p><span class=\"g-color-black g-font-weight-700\">Boczne os\u0142ony z\u0119b\u00f3w umo\u017cliwiaj\u0105 prac\u0119 blisko ogrodze\u0144 i ro\u015blin<\/span>Pomaga chroni\u0107 ro\u015bliny i zapobiega zaczepianiu z\u0119bami o ogrodzenia i inne konstrukcje podczas orki w pobli\u017cu.<\/p>\n<\/div>\n<div class=\"col-lg-2 featimg text-center g-pa-10 g-mb-0 g-font-weight-600\"><\/div>\n<div class=\"col-lg-4 g-pa-10 g-mb-0\">\n<p><span class=\"g-color-black g-font-weight-700\">Odwrotna blokada dla bezpieczniejszej pracy<\/span>Dla bezpiecze\u0144stwa operatora, zapobiega w\u0142\u0105czeniu z\u0119b\u00f3w na biegu wstecznym.<\/p>\n<\/div>\n<\/div>\n<\/div>\n<div id=\"Specs\" class=\"anchor2 container g-py-0\">\n<div class=\"col-lg-12 g-pa-0\">\n<div class=\"u-heading-v3-1 g-bg-main g-brd-main u-heading-v3-1 g-bg-main g-brd-main g-my-30 col-lg-12 g-pa-0\">\n<h2 class=\"h3 u-heading-v3__title\">Specyfikacje<\/h2>\n<\/div>\n<div class=\"g-pt-30 container\">\n<div class=\"col-lg-12 g-pa-0\">\n<div class=\"col-lg-12 g-brd-bottom g-brd-gray-light-v4 g-pt-0 g-pb-20 g-mb-0\"><span class=\"g-font-weight-600\">Oficjalna nazwa modelu<\/span><span class=\"pull-right w-50\">FRC800K1AN (49 stan\u00f3w), FRC800K1A1 (Kalifornia)<\/span><\/div>\n<\/div>\n<\/div>\n<div class=\"g-pt-30 container\">\n<div class=\"col-lg-12 g-pa-0\">\n<div class=\"col-lg-12 g-brd-bottom g-brd-gray-light-v4 g-pt-0 g-pb-20 g-mb-0\"><span class=\"g-font-weight-600\">Typ glebogryzarki<\/span><span class=\"pull-right w-50\">Tylny z\u0105b<\/span><\/div>\n<\/div>\n<\/div>\n<div class=\"g-pt-30 container\">\n<div class=\"col-lg-12 g-pa-0\">\n<div class=\"col-lg-12 g-brd-bottom g-brd-gray-light-v4 g-pt-0 g-pb-20 g-mb-0\"><span class=\"g-font-weight-600\">Szeroko\u015b\u0107 orki<\/span><span class=\"pull-right w-50\">20&#8243;<\/span><\/div>\n<\/div>\n<\/div>\n<div class=\"g-pt-30 container\">\n<div class=\"col-lg-12 g-pa-0\">\n<div class=\"col-lg-12 g-brd-bottom g-brd-gray-light-v4 g-pt-0 g-pb-20 g-mb-0\"><span class=\"g-font-weight-600\">\u015arednica z\u0119ba<\/span><span class=\"pull-right w-50\">12&#8243;<\/span><\/div>\n<\/div>\n<\/div>\n<div class=\"g-pt-30 container\">\n<div class=\"col-lg-12 g-pa-0\">\n<div class=\"col-lg-12 g-brd-bottom g-brd-gray-light-v4 g-pt-0 g-pb-20 g-mb-0\"><span class=\"g-font-weight-600\">Silnik<\/span><span class=\"pull-right w-50\">Honda GX240<\/span><\/div>\n<\/div>\n<\/div>\n<div class=\"g-pt-30 container\">\n<div class=\"col-lg-12 g-pa-0\">\n<div class=\"col-lg-12 g-brd-bottom g-brd-gray-light-v4 g-pt-0 g-pb-20 g-mb-0\"><span class=\"g-font-weight-600\">Przemieszczenie<\/span><span class=\"pull-right w-50\">270cc<\/span><\/div>\n<\/div>\n<\/div>\n<div class=\"g-pt-30 container\">\n<div class=\"col-lg-12 g-pa-0\">\n<div class=\"col-lg-12 g-brd-bottom g-brd-gray-light-v4 g-pt-0 g-pb-20 g-mb-0\"><span class=\"g-font-weight-600\">Filtr powietrza<\/span><span class=\"pull-right w-50\">Podw\u00f3jny element z filtrem cyklonowym<\/span><\/div>\n<\/div>\n<\/div>\n<div class=\"g-pt-30 container\">\n<div class=\"col-lg-12 g-pa-0\">\n<div class=\"col-lg-12 g-brd-bottom g-brd-gray-light-v4 g-pt-0 g-pb-20 g-mb-0\"><span class=\"g-font-weight-600\">Pojemno\u015b\u0107 paliwa<\/span><span class=\"pull-right w-50\">4,6 qt<\/span><\/div>\n<\/div>\n<\/div>\n<div class=\"g-pt-30 container\">\n<div class=\"col-lg-12 g-pa-0\">\n<div class=\"col-lg-12 g-brd-bottom g-brd-gray-light-v4 g-pt-0 g-pb-20 g-mb-0\"><span class=\"g-font-weight-600\">Pr\u0119dko\u015bci transmisji<\/span><span class=\"pull-right w-50\">3 - do przodu 1 - do ty\u0142u<\/span><\/div>\n<\/div>\n<\/div>\n<div class=\"g-pt-30 container\">\n<div class=\"col-lg-12 g-pa-0\">\n<div class=\"col-lg-12 g-brd-bottom g-brd-gray-light-v4 g-pt-0 g-pb-20 g-mb-0\"><span class=\"g-font-weight-600\">Pr\u0119dko\u015b\u0107 z\u0119b\u00f3w przy maksymalnej pr\u0119dko\u015bci obrotowej silnika<\/span><span class=\"pull-right w-50\">225 obr.<\/span><\/div>\n<\/div>\n<\/div>\n<div class=\"g-pt-30 container\">\n<div class=\"col-lg-12 g-pa-0\">\n<div class=\"col-lg-12 g-brd-bottom g-brd-gray-light-v4 g-pt-0 g-pb-20 g-mb-0\"><span class=\"g-font-weight-600\">Typ skrzyni bieg\u00f3w<\/span><span class=\"pull-right w-50\">nap\u0119d \u0142a\u0144cuchowy i przek\u0142adniowy<\/span><\/div>\n<\/div>\n<\/div>\n<div class=\"g-pt-30 container\">\n<div class=\"col-lg-12 g-pa-0\">\n<div class=\"col-lg-12 g-brd-bottom g-brd-gray-light-v4 g-pt-0 g-pb-20 g-mb-0\"><span class=\"g-font-weight-600\">Wymiary (d\u0142. x szer. x wys.)<\/span><span class=\"pull-right w-50\">65,4\u2033 x 24,0\u2033 x 49,0\u2033<\/span><\/div>\n<\/div>\n<\/div>\n<div class=\"g-pt-30 container\">\n<div class=\"col-lg-12 g-pa-0\">\n<div class=\"col-lg-12 g-brd-bottom g-brd-gray-light-v4 g-pt-0 g-pb-20 g-mb-0\"><span class=\"g-font-weight-600\">Waga na sucho<\/span><span class=\"pull-right w-50\">265 funt\u00f3w.<\/span><\/div>\n<\/div>\n<\/div>\n<div class=\"g-pt-30 container\">\n<div class=\"col-lg-12 g-pa-0\">\n<div class=\"col-lg-12 g-brd-bottom g-brd-gray-light-v4 g-pt-0 g-pb-20 g-mb-0\"><span class=\"g-font-weight-600\">Gwarancja mieszkaniowa<\/span><span class=\"pull-right w-50\">24 miesi\u0105ce<\/span><\/div>\n<\/div>\n<\/div>\n<div class=\"g-pt-30 container\">\n<div class=\"col-lg-12 g-pa-0\">\n<div class=\"col-lg-12 g-brd-bottom g-brd-gray-light-v4 g-pt-0 g-pb-20 g-mb-0\"><span class=\"g-font-weight-600\">Gwarancja komercyjna<\/span><span class=\"pull-right w-50\">12 miesi\u0119cy<\/span><\/div>\n<\/div>\n<\/div>\n<\/div>\n<\/div>","protected":false},"excerpt":{"rendered":"<ul class=\"g-ml-0 g-pl-20\">\n<li>Szeroko\u015b\u0107 orki 20\u2033<\/li>\n<li>Wygodna konstrukcja \"uchwytu p\u0119tli\" umo\u017cliwia obs\u0142ug\u0119 z dowolnej strony<\/li>\n<li>Samobie\u017cny - 3 pr\u0119dko\u015bci do przodu, 1 do ty\u0142u<\/li>\n<li>Konstrukcja klasy komercyjnej<\/li>\n<\/ul>","protected":false},"featured_media":621,"comment_status":"open","ping_status":"closed","template":"","meta":[],"product_brand":[],"product_cat":[46],"product_tag":[125,124,123,122],"class_list":{"0":"post-620","1":"product","2":"type-product","3":"status-publish","4":"has-post-thumbnail","6":"product_cat-honda-tillers","7":"product_tag-honda-frc800","8":"product_tag-honda-frc800-tiller","9":"product_tag-honda-frc800-tiller-for-sale","10":"product_tag-honda-tiller-frc800","12":"first","13":"instock","14":"shipping-taxable","15":"purchasable","16":"product-type-simple"},"yoast_head":"<!-- This site is optimized with the Yoast SEO plugin v27.4 - https:\/\/yoast.com\/product\/yoast-seo-wordpress\/ -->\n<title>FRC800 - HONDA POWER EQUIPMENT<\/title>\n<meta name=\"description\" content=\"The Honda FRC800 rear-tine tiller is easy to use due to the powerful Honda overhead valve four-stroke engine and 12&quot; tines for deep tilling.\" \/>\n<meta name=\"robots\" content=\"index, follow, max-snippet:-1, max-image-preview:large, max-video-preview:-1\" \/>\n<link rel=\"canonical\" href=\"https:\/\/hondapwerequipment.com\/pl\/producto\/frc800\/\" \/>\n<meta property=\"og:locale\" content=\"pl_PL\" \/>\n<meta property=\"og:type\" content=\"article\" \/>\n<meta property=\"og:title\" content=\"FRC800 - HONDA POWER EQUIPMENT\" \/>\n<meta property=\"og:description\" content=\"The Honda FRC800 rear-tine tiller is easy to use due to the powerful Honda overhead valve four-stroke engine and 12&quot; tines for deep tilling.\" \/>\n<meta property=\"og:url\" content=\"https:\/\/hondapwerequipment.com\/pl\/producto\/frc800\/\" \/>\n<meta property=\"og:site_name\" content=\"HONDA POWER EQUIPMENT\" \/>\n<meta property=\"article:modified_time\" content=\"2025-02-09T19:40:54+00:00\" \/>\n<meta property=\"og:image\" content=\"https:\/\/hondapwerequipment.com\/wp-content\/uploads\/2025\/02\/frc800_left.jpg\" \/>\n\t<meta property=\"og:image:width\" content=\"600\" \/>\n\t<meta property=\"og:image:height\" content=\"600\" \/>\n\t<meta property=\"og:image:type\" content=\"image\/jpeg\" \/>\n<meta name=\"twitter:card\" content=\"summary_large_image\" \/>\n<meta name=\"twitter:label1\" content=\"Szacowany czas czytania\" \/>\n\t<meta name=\"twitter:data1\" content=\"4 minuty\" \/>\n<script type=\"application\/ld+json\" class=\"yoast-schema-graph\">{\"@context\":\"https:\\\/\\\/schema.org\",\"@graph\":[{\"@type\":\"WebPage\",\"@id\":\"https:\\\/\\\/hondapwerequipment.com\\\/es\\\/producto\\\/frc800\\\/\",\"url\":\"https:\\\/\\\/hondapwerequipment.com\\\/es\\\/producto\\\/frc800\\\/\",\"name\":\"FRC800 - HONDA POWER EQUIPMENT\",\"isPartOf\":{\"@id\":\"https:\\\/\\\/hondapwerequipment.com\\\/#website\"},\"primaryImageOfPage\":{\"@id\":\"https:\\\/\\\/hondapwerequipment.com\\\/es\\\/producto\\\/frc800\\\/#primaryimage\"},\"image\":{\"@id\":\"https:\\\/\\\/hondapwerequipment.com\\\/es\\\/producto\\\/frc800\\\/#primaryimage\"},\"thumbnailUrl\":\"https:\\\/\\\/hondapwerequipment.com\\\/wp-content\\\/uploads\\\/2025\\\/02\\\/frc800_left.jpg\",\"datePublished\":\"2025-02-09T19:39:27+00:00\",\"dateModified\":\"2025-02-09T19:40:54+00:00\",\"description\":\"The Honda FRC800 rear-tine tiller is easy to use due to the powerful Honda overhead valve four-stroke engine and 12\\\" tines for deep tilling.\",\"breadcrumb\":{\"@id\":\"https:\\\/\\\/hondapwerequipment.com\\\/es\\\/producto\\\/frc800\\\/#breadcrumb\"},\"inLanguage\":\"pl-PL\",\"potentialAction\":[{\"@type\":\"ReadAction\",\"target\":[\"https:\\\/\\\/hondapwerequipment.com\\\/es\\\/producto\\\/frc800\\\/\"]}]},{\"@type\":\"ImageObject\",\"inLanguage\":\"pl-PL\",\"@id\":\"https:\\\/\\\/hondapwerequipment.com\\\/es\\\/producto\\\/frc800\\\/#primaryimage\",\"url\":\"https:\\\/\\\/hondapwerequipment.com\\\/wp-content\\\/uploads\\\/2025\\\/02\\\/frc800_left.jpg\",\"contentUrl\":\"https:\\\/\\\/hondapwerequipment.com\\\/wp-content\\\/uploads\\\/2025\\\/02\\\/frc800_left.jpg\",\"width\":600,\"height\":600,\"caption\":\"honda frc800\"},{\"@type\":\"BreadcrumbList\",\"@id\":\"https:\\\/\\\/hondapwerequipment.com\\\/es\\\/producto\\\/frc800\\\/#breadcrumb\",\"itemListElement\":[{\"@type\":\"ListItem\",\"position\":1,\"name\":\"Home\",\"item\":\"https:\\\/\\\/hondapwerequipment.com\\\/\"},{\"@type\":\"ListItem\",\"position\":2,\"name\":\"Shop\",\"item\":\"https:\\\/\\\/hondapwerequipment.com\\\/?page_id=10\"},{\"@type\":\"ListItem\",\"position\":3,\"name\":\"FRC800\"}]},{\"@type\":\"WebSite\",\"@id\":\"https:\\\/\\\/hondapwerequipment.com\\\/#website\",\"url\":\"https:\\\/\\\/hondapwerequipment.com\\\/\",\"name\":\"HONDA POWER EQUIPMENTS\",\"description\":\"Honda Power Equipment\",\"publisher\":{\"@id\":\"https:\\\/\\\/hondapwerequipment.com\\\/#organization\"},\"potentialAction\":[{\"@type\":\"SearchAction\",\"target\":{\"@type\":\"EntryPoint\",\"urlTemplate\":\"https:\\\/\\\/hondapwerequipment.com\\\/?s={search_term_string}\"},\"query-input\":{\"@type\":\"PropertyValueSpecification\",\"valueRequired\":true,\"valueName\":\"search_term_string\"}}],\"inLanguage\":\"pl-PL\"},{\"@type\":\"Organization\",\"@id\":\"https:\\\/\\\/hondapwerequipment.com\\\/#organization\",\"name\":\"HONDA POWER EQUIPMENTS STORE\",\"url\":\"https:\\\/\\\/hondapwerequipment.com\\\/\",\"logo\":{\"@type\":\"ImageObject\",\"inLanguage\":\"pl-PL\",\"@id\":\"https:\\\/\\\/hondapwerequipment.com\\\/#\\\/schema\\\/logo\\\/image\\\/\",\"url\":\"https:\\\/\\\/hondapwerequipment.com\\\/wp-content\\\/uploads\\\/2025\\\/02\\\/cropped-honda-power-equipment-logo.png\",\"contentUrl\":\"https:\\\/\\\/hondapwerequipment.com\\\/wp-content\\\/uploads\\\/2025\\\/02\\\/cropped-honda-power-equipment-logo.png\",\"width\":290,\"height\":70,\"caption\":\"HONDA POWER EQUIPMENTS STORE\"},\"image\":{\"@id\":\"https:\\\/\\\/hondapwerequipment.com\\\/#\\\/schema\\\/logo\\\/image\\\/\"}}]}<\/script>\n<!-- \/ Yoast SEO plugin. -->","yoast_head_json":{"title":"FRC800 - HONDA POWER EQUIPMENT","description":"The Honda FRC800 rear-tine tiller is easy to use due to the powerful Honda overhead valve four-stroke engine and 12\" tines for deep tilling.","robots":{"index":"index","follow":"follow","max-snippet":"max-snippet:-1","max-image-preview":"max-image-preview:large","max-video-preview":"max-video-preview:-1"},"canonical":"https:\/\/hondapwerequipment.com\/pl\/producto\/frc800\/","og_locale":"pl_PL","og_type":"article","og_title":"FRC800 - HONDA POWER EQUIPMENT","og_description":"The Honda FRC800 rear-tine tiller is easy to use due to the powerful Honda overhead valve four-stroke engine and 12\" tines for deep tilling.","og_url":"https:\/\/hondapwerequipment.com\/pl\/producto\/frc800\/","og_site_name":"HONDA POWER EQUIPMENT","article_modified_time":"2025-02-09T19:40:54+00:00","og_image":[{"width":600,"height":600,"url":"https:\/\/hondapwerequipment.com\/wp-content\/uploads\/2025\/02\/frc800_left.jpg","type":"image\/jpeg"}],"twitter_card":"summary_large_image","twitter_misc":{"Szacowany czas czytania":"4 minuty"},"schema":{"@context":"https:\/\/schema.org","@graph":[{"@type":"WebPage","@id":"https:\/\/hondapwerequipment.com\/es\/producto\/frc800\/","url":"https:\/\/hondapwerequipment.com\/es\/producto\/frc800\/","name":"FRC800 - HONDA POWER EQUIPMENT","isPartOf":{"@id":"https:\/\/hondapwerequipment.com\/#website"},"primaryImageOfPage":{"@id":"https:\/\/hondapwerequipment.com\/es\/producto\/frc800\/#primaryimage"},"image":{"@id":"https:\/\/hondapwerequipment.com\/es\/producto\/frc800\/#primaryimage"},"thumbnailUrl":"https:\/\/hondapwerequipment.com\/wp-content\/uploads\/2025\/02\/frc800_left.jpg","datePublished":"2025-02-09T19:39:27+00:00","dateModified":"2025-02-09T19:40:54+00:00","description":"The Honda FRC800 rear-tine tiller is easy to use due to the powerful Honda overhead valve four-stroke engine and 12\" tines for deep tilling.","breadcrumb":{"@id":"https:\/\/hondapwerequipment.com\/es\/producto\/frc800\/#breadcrumb"},"inLanguage":"pl-PL","potentialAction":[{"@type":"ReadAction","target":["https:\/\/hondapwerequipment.com\/es\/producto\/frc800\/"]}]},{"@type":"ImageObject","inLanguage":"pl-PL","@id":"https:\/\/hondapwerequipment.com\/es\/producto\/frc800\/#primaryimage","url":"https:\/\/hondapwerequipment.com\/wp-content\/uploads\/2025\/02\/frc800_left.jpg","contentUrl":"https:\/\/hondapwerequipment.com\/wp-content\/uploads\/2025\/02\/frc800_left.jpg","width":600,"height":600,"caption":"honda frc800"},{"@type":"BreadcrumbList","@id":"https:\/\/hondapwerequipment.com\/es\/producto\/frc800\/#breadcrumb","itemListElement":[{"@type":"ListItem","position":1,"name":"Home","item":"https:\/\/hondapwerequipment.com\/"},{"@type":"ListItem","position":2,"name":"Shop","item":"https:\/\/hondapwerequipment.com\/?page_id=10"},{"@type":"ListItem","position":3,"name":"FRC800"}]},{"@type":"WebSite","@id":"https:\/\/hondapwerequipment.com\/#website","url":"https:\/\/hondapwerequipment.com\/","name":"HONDA POWER EQUIPMENTS","description":"Honda Power Equipment","publisher":{"@id":"https:\/\/hondapwerequipment.com\/#organization"},"potentialAction":[{"@type":"SearchAction","target":{"@type":"EntryPoint","urlTemplate":"https:\/\/hondapwerequipment.com\/?s={search_term_string}"},"query-input":{"@type":"PropertyValueSpecification","valueRequired":true,"valueName":"search_term_string"}}],"inLanguage":"pl-PL"},{"@type":"Organization","@id":"https:\/\/hondapwerequipment.com\/#organization","name":"HONDA POWER EQUIPMENTS STORE","url":"https:\/\/hondapwerequipment.com\/","logo":{"@type":"ImageObject","inLanguage":"pl-PL","@id":"https:\/\/hondapwerequipment.com\/#\/schema\/logo\/image\/","url":"https:\/\/hondapwerequipment.com\/wp-content\/uploads\/2025\/02\/cropped-honda-power-equipment-logo.png","contentUrl":"https:\/\/hondapwerequipment.com\/wp-content\/uploads\/2025\/02\/cropped-honda-power-equipment-logo.png","width":290,"height":70,"caption":"HONDA POWER EQUIPMENTS STORE"},"image":{"@id":"https:\/\/hondapwerequipment.com\/#\/schema\/logo\/image\/"}}]}},"_links":{"self":[{"href":"https:\/\/hondapwerequipment.com\/pl\/wp-json\/wp\/v2\/product\/620","targetHints":{"allow":["GET"]}}],"collection":[{"href":"https:\/\/hondapwerequipment.com\/pl\/wp-json\/wp\/v2\/product"}],"about":[{"href":"https:\/\/hondapwerequipment.com\/pl\/wp-json\/wp\/v2\/types\/product"}],"replies":[{"embeddable":true,"href":"https:\/\/hondapwerequipment.com\/pl\/wp-json\/wp\/v2\/comments?post=620"}],"wp:featuredmedia":[{"embeddable":true,"href":"https:\/\/hondapwerequipment.com\/pl\/wp-json\/wp\/v2\/media\/621"}],"wp:attachment":[{"href":"https:\/\/hondapwerequipment.com\/pl\/wp-json\/wp\/v2\/media?parent=620"}],"wp:term":[{"taxonomy":"product_brand","embeddable":true,"href":"https:\/\/hondapwerequipment.com\/pl\/wp-json\/wp\/v2\/product_brand?post=620"},{"taxonomy":"product_cat","embeddable":true,"href":"https:\/\/hondapwerequipment.com\/pl\/wp-json\/wp\/v2\/product_cat?post=620"},{"taxonomy":"product_tag","embeddable":true,"href":"https:\/\/hondapwerequipment.com\/pl\/wp-json\/wp\/v2\/product_tag?post=620"}],"curies":[{"name":"wp","href":"https:\/\/api.w.org\/{rel}","templated":true}]}}