{"id":494,"date":"2025-02-09T08:25:17","date_gmt":"2025-02-09T08:25:17","guid":{"rendered":"https:\/\/hondapwerequipment.com\/?post_type=product&#038;p=494"},"modified":"2025-02-09T08:47:25","modified_gmt":"2025-02-09T08:47:25","slug":"eb2200i","status":"publish","type":"product","link":"https:\/\/hondapwerequipment.com\/fr\/produit\/eb2200i\/","title":{"rendered":"EB2200i"},"content":{"rendered":"<div id=\"Features\" class=\"anchor2 container g-py-0\">\n<div class=\"row\">\n<div><\/div>\n<h2>Honda Eb2200i generator<\/h2>\n<p>Order now, The Honda EB2200 generator offers 2200 watts of inverter power, ideal for construction, rental, industrial &amp; professional use.<\/p>\n<p>&nbsp;<\/p>\n<div class=\"col-lg-2 featimg text-center g-pa-10 g-mb-0 g-font-weight-600\"><img decoding=\"async\" class=\"img-fluid\" src=\"https:\/\/services.powerequipment.honda.com\/content\/images\/pe\/models\/features\/thumbs\/powerful.jpg\" alt=\"More power. Same legendary quality.\" \/><\/div>\n<div class=\"col-lg-4 g-pa-10 g-mb-0\">\n<p><span class=\"g-color-black g-font-weight-700\">More power. Same legendary quality. <\/span>The EB2200i delivers 10% more power than the previous EB2000 &#8211; enabling you to power more of what you need, in the same lightweight, compact package.<\/p>\n<\/div>\n<div class=\"col-lg-2 featimg text-center g-pa-10 g-mb-0 g-font-weight-600\"><img decoding=\"async\" class=\"img-fluid\" src=\"https:\/\/services.powerequipment.honda.com\/content\/images\/pe\/models\/features\/thumbs\/drill.jpg\" alt=\"Portable power for your job site\" \/><\/div>\n<div class=\"col-lg-4 g-pa-10 g-mb-0\">\n<p><span class=\"g-color-black g-font-weight-700\">Portable power for your job site<\/span>\u00a0EB2200i can operate a wide variety of industrial tools, making it perfect for portable use on any job site. Take a look at the applications tab for more examples.<\/p>\n<\/div>\n<div class=\"col-lg-2 featimg text-center g-pa-10 g-mb-0 g-font-weight-600\"><img decoding=\"async\" class=\"img-fluid\" style=\"box-sizing: border-box; vertical-align: middle; border-style: none; max-width: 100%; height: auto;\" src=\"https:\/\/services.powerequipment.honda.com\/content\/images\/pe\/models\/features\/thumbs\/co-minder-logo.jpg\" alt=\"CO-MINDER&lt;sup&gt;&amp;trade;&lt;\/sup&gt;: Advanced Carbon Monoxide Detection System\" \/><\/div>\n<div class=\"col-lg-4 g-pa-10 g-mb-0\">\n<p><span class=\"g-color-black g-font-weight-700\">CO-MINDER<sup>\u2122<\/sup>: Advanced Carbon Monoxide Detection System<\/span>CO-MINDER<sup>\u2122<\/sup>\u00a0surveille en permanence les niveaux de monoxyde de carbone (CO). Il arr\u00eate automatiquement le g\u00e9n\u00e9rateur avant que les niveaux de CO d\u00e9tect\u00e9s \u00e0 proximit\u00e9 du g\u00e9n\u00e9rateur ne deviennent dangereusement \u00e9lev\u00e9s.<\/p>\n<\/div>\n<div class=\"col-lg-2 featimg text-center g-pa-10 g-mb-0 g-font-weight-600\"><img decoding=\"async\" class=\"img-fluid\" src=\"https:\/\/services.powerequipment.honda.com\/content\/images\/pe\/models\/features\/thumbs\/gxr120.jpg\" alt=\"Honda GXR120 Engine - Commercial grade reliability\" \/><\/div>\n<div class=\"col-lg-4 g-pa-10 g-mb-0\">\n<p><span class=\"g-color-black g-font-weight-700\">Honda GXR120 Engine &#8211; Commercial grade reliability<\/span>GXR120 delivers exceptionally quiet, smooth, fuel-efficient performance in a small, lightweight package. Honda&#8217;s GXR120 also delivers superb durability and reliability.<\/p>\n<\/div>\n<div class=\"col-lg-2 featimg text-center g-pa-10 g-mb-0 g-font-weight-600\"><img decoding=\"async\" class=\"img-fluid\" src=\"https:\/\/services.powerequipment.honda.com\/content\/images\/pe\/models\/features\/thumbs\/gfci.jpg\" alt=\"GFCI Protection\" \/><\/div>\n<div class=\"col-lg-4 g-pa-10 g-mb-0\">\n<p><span class=\"g-color-black g-font-weight-700\">GFCI Protection<\/span>The EB2200i has full GFCI protection. It&#8217;s OSHA Compliant, making it ideal for jobsite applications.<\/p>\n<\/div>\n<div class=\"col-lg-2 featimg text-center g-pa-10 g-mb-0 g-font-weight-600\"><img decoding=\"async\" class=\"img-fluid\" src=\"https:\/\/services.powerequipment.honda.com\/content\/images\/pe\/models\/features\/thumbs\/laptop.jpg\" alt=\"Advanced inverter technology - reliable power for sensitive equipment and electronics\" \/><\/div>\n<div class=\"col-lg-4 g-pa-10 g-mb-0\">\n<p><span class=\"g-color-black g-font-weight-700\">Advanced inverter technology &#8211; reliable power for sensitive equipment and electronics<\/span>Honda&#8217;s inverter technology means stable, clean power in a smaller, lighter package. Our inverter generators produce power that is as reliable as the power you get from your outlets at home.<\/p>\n<\/div>\n<div class=\"col-lg-2 featimg text-center g-pa-10 g-mb-0 g-font-weight-600\"><img decoding=\"async\" class=\"img-fluid\" src=\"https:\/\/services.powerequipment.honda.com\/content\/images\/pe\/models\/features\/thumbs\/quiet.jpg\" alt=\"Super quiet - less noise than normal conversation\" \/><\/div>\n<div class=\"col-lg-4 g-pa-10 g-mb-0\">\n<p><span class=\"g-color-black g-font-weight-700\">Super quiet &#8211; less noise than normal conversation<\/span>\u00a0quiet, you can hardly hear it running. The EB2200i operates at 48 to 57 dBA, which is less noise than a normal conversation.<\/p>\n<p>&nbsp;<\/p>\n<\/div>\n<div class=\"col-lg-2 featimg text-center g-pa-10 g-mb-0 g-font-weight-600\"><img decoding=\"async\" class=\"img-fluid\" src=\"https:\/\/services.powerequipment.honda.com\/content\/images\/pe\/models\/features\/thumbs\/honda-eb2200-carry.jpg\" alt=\"Lightweight and compact\" \/><\/div>\n<div class=\"col-lg-4 g-pa-10 g-mb-0\">\n<p><span class=\"g-color-black g-font-weight-700\">Lightweight and compact<\/span>Weighing just over 47 pounds, the EB2200i is incredibly lightweight and portable, thanks to <a href=\"https:\/\/hondapwerequipment.com\/fr\/etiquette-produit\/honda-inverter-eu3000is\/\" data-wpil-monitor-id=\"12\">Honda&#8217;s inverter<\/a> technology.<\/p>\n<\/div>\n<div class=\"col-lg-2 featimg text-center g-pa-10 g-mb-0 g-font-weight-600\"><img decoding=\"async\" class=\"img-fluid\" src=\"https:\/\/services.powerequipment.honda.com\/content\/images\/pe\/models\/features\/thumbs\/eco.jpg\" alt=\"Fuel efficient - runs up to 8.1 hrs on less than a gallon of fuel\" \/><\/div>\n<div class=\"col-lg-4 g-pa-10 g-mb-0\">\n<p><span class=\"g-color-black g-font-weight-700\">Fuel efficient &#8211; runs up to 8.1 hrs on less than a gallon of fuel thanks<\/span>\u00a0to our exclusive Eco Throttle System, the EB2200i offers great fuel efficiency. Runs 3.2 to 8.1 hours on a single tank, depending on the load.<\/p>\n<p>&nbsp;<\/p>\n<\/div>\n<div class=\"col-lg-2 featimg text-center g-pa-10 g-mb-0 g-font-weight-600\"><img decoding=\"async\" class=\"img-fluid\" src=\"https:\/\/services.powerequipment.honda.com\/content\/images\/pe\/models\/features\/thumbs\/honda-eu2200-oil.jpg\" alt=\"Easier oil changes\" \/><\/div>\n<div class=\"col-lg-4 g-pa-10 g-mb-0\">\n<p><span class=\"g-color-black g-font-weight-700\">Easier oil changes<\/span> bigger oil filler openings, longer spouts, and larger oil drain gutter make for easier and cleaner oil changes.<\/p>\n<\/div>\n<div class=\"col-lg-2 featimg text-center g-pa-10 g-mb-0 g-font-weight-600\"><img decoding=\"async\" class=\"img-fluid\" src=\"https:\/\/services.powerequipment.honda.com\/content\/images\/pe\/models\/features\/thumbs\/fuel-off-switch.jpg\" alt=\"Fuel shutoff (&quot;Fuel Off&quot; position)\" \/><\/div>\n<div class=\"col-lg-4 g-pa-10 g-mb-0\">\n<p><span class=\"g-color-black g-font-weight-700\">Fuel shutoff (&#8220;Fuel Off&#8221; position)<\/span>The \u201cFuel Off<sup>&#8220;<\/sup>\u00a0position allows the engine to continue to run until the majority of the fuel in the carburetor is consumed and the engine shuts off. This helps prevent stale fuel issues and is useful when storing the generator.<\/p>\n<\/div>\n<div class=\"col-lg-2 featimg text-center g-pa-10 g-mb-0 g-font-weight-600\"><img decoding=\"async\" class=\"img-fluid\" src=\"https:\/\/services.powerequipment.honda.com\/content\/images\/pe\/models\/features\/thumbs\/checkmark.jpg\" alt=\"Better overall durability\" \/><\/div>\n<div class=\"col-lg-4 g-pa-10 g-mb-0\">\n<p><span class=\"g-color-black g-font-weight-700\">Better overall durability<\/span>It&#8217;s the little things that show a product&#8217;s quality and durability. Like the stamped metal recoil rope insert on the EB2200i &#8211; reducing potential damage to the body of the generator. Or the increased ventilation area, resulting in improved cooling of key components. Or the improved stator\/rotor configuration, using some of the highest quality and most powerful magnets available.<\/p>\n<\/div>\n<div class=\"col-lg-2 featimg text-center g-pa-10 g-mb-0 g-font-weight-600\"><img decoding=\"async\" class=\"img-fluid\" style=\"box-sizing: border-box; vertical-align: middle; border-style: none; max-width: 100%; height: auto;\" src=\"https:\/\/services.powerequipment.honda.com\/content\/images\/pe\/models\/features\/thumbs\/oil-alert.jpg\" alt=\"Protected by Oil Alert&lt;sup&gt;&amp;reg;&lt;\/sup&gt;\" \/><\/div>\n<div class=\"col-lg-4 g-pa-10 g-mb-0\">\n<p><span class=\"g-color-black g-font-weight-700\">Protected by Oil Alert<sup>\u00ae<\/sup><\/span>Prot\u00e8ge le g\u00e9n\u00e9rateur en arr\u00eatant le moteur lorsqu'un manque d'huile est d\u00e9tect\u00e9.<\/p>\n<\/div>\n<div class=\"col-lg-2 featimg text-center g-pa-10 g-mb-0 g-font-weight-600\"><img decoding=\"async\" class=\"img-fluid\" src=\"https:\/\/services.powerequipment.honda.com\/content\/images\/pe\/models\/features\/thumbs\/spark-arrestor.jpg\" alt=\"USDA-qualified spark arrestor\/muffler\" \/><\/div>\n<div class=\"col-lg-4 g-pa-10 g-mb-0\">\n<p><span class=\"g-color-black g-font-weight-700\">Pare-\u00e9tincelles\/silencieux qualifi\u00e9 par l'USDA<\/span>Meets USDA standards for areas where spark arrestors are required for operation.<\/p>\n<\/div>\n<div class=\"col-lg-2 featimg text-center g-pa-10 g-mb-0 g-font-weight-600\"><img decoding=\"async\" class=\"img-fluid\" src=\"https:\/\/services.powerequipment.honda.com\/content\/images\/pe\/models\/features\/thumbs\/honda-3-year-warranty.jpg\" alt=\"3 year residential warranty\" \/><\/div>\n<div class=\"col-lg-4 g-pa-10 g-mb-0\">\n<p><span class=\"g-color-black g-font-weight-700\">Garantie r\u00e9sidentielle de 3 ans<\/span>Vous pouvez \u00eatre tranquille, sachant que votre g\u00e9n\u00e9rateur est couvert de fond en comble pendant 3 ann\u00e9es compl\u00e8tes.<\/p>\n<\/div>\n<\/div>\n<\/div>\n<div id=\"Specs\" class=\"anchor2 container g-py-0\">\n<div class=\"col-lg-12 g-pa-0\">\n<div class=\"u-heading-v3-1 g-bg-main g-brd-main u-heading-v3-1 g-bg-main g-brd-main g-my-30 col-lg-12 g-pa-0\">\n<h2 class=\"h3 u-heading-v3__title\">Sp\u00e9cifications<\/h2>\n<\/div>\n<div class=\"g-pt-30 container\">\n<div class=\"col-lg-12 g-pa-0\">\n<div class=\"col-lg-12 g-brd-bottom g-brd-gray-light-v4 g-pt-0 g-pb-20 g-mb-0\"><span class=\"g-font-weight-600\">Nom complet du mod\u00e8le<\/span><span class=\"pull-right w-50\">EB2200ITAN<\/span><\/div>\n<\/div>\n<\/div>\n<div class=\"g-pt-30 container\">\n<div class=\"col-lg-12 g-pa-0\">\n<div class=\"col-lg-12 g-brd-bottom g-brd-gray-light-v4 g-pt-0 g-pb-20 g-mb-0\"><span class=\"g-font-weight-600\">Moteur<\/span><span class=\"pull-right w-50\">Honda GXR120<\/span><\/div>\n<\/div>\n<\/div>\n<div class=\"g-pt-30 container\">\n<div class=\"col-lg-12 g-pa-0\">\n<div class=\"col-lg-12 g-brd-bottom g-brd-gray-light-v4 g-pt-0 g-pb-20 g-mb-0\"><span class=\"g-font-weight-600\">D\u00e9placement<\/span><span class=\"pull-right w-50\">121cc<\/span><\/div>\n<\/div>\n<\/div>\n<div class=\"g-pt-30 container\">\n<div class=\"col-lg-12 g-pa-0\">\n<div class=\"col-lg-12 g-brd-bottom g-brd-gray-light-v4 g-pt-0 g-pb-20 g-mb-0\"><span class=\"g-font-weight-600\">Sortie AC<\/span><span class=\"pull-right w-50\">120V 2200W max. (18.3A), 1800W rated (15A)<\/span><\/div>\n<\/div>\n<\/div>\n<div class=\"g-pt-30 container\">\n<div class=\"col-lg-12 g-pa-0\">\n<div class=\"col-lg-12 g-brd-bottom g-brd-gray-light-v4 g-pt-0 g-pb-20 g-mb-0\"><span class=\"g-font-weight-600\">R\u00e9ceptacles<\/span><span class=\"pull-right w-50\">20A 125V Duplex<\/span><\/div>\n<\/div>\n<\/div>\n<div class=\"g-pt-30 container\">\n<div class=\"col-lg-12 g-pa-0\">\n<div class=\"col-lg-12 g-brd-bottom g-brd-gray-light-v4 g-pt-0 g-pb-20 g-mb-0\"><span class=\"g-font-weight-600\">Sortie DC<\/span><span class=\"pull-right w-50\">NA<\/span><\/div>\n<\/div>\n<\/div>\n<div class=\"g-pt-30 container\">\n<div class=\"col-lg-12 g-pa-0\">\n<div class=\"col-lg-12 g-brd-bottom g-brd-gray-light-v4 g-pt-0 g-pb-20 g-mb-0\"><span class=\"g-font-weight-600\">Syst\u00e8me de d\u00e9marrage<\/span><span class=\"pull-right w-50\">Le recul<\/span><\/div>\n<\/div>\n<\/div>\n<div class=\"g-pt-30 container\">\n<div class=\"col-lg-12 g-pa-0\">\n<div class=\"col-lg-12 g-brd-bottom g-brd-gray-light-v4 g-pt-0 g-pb-20 g-mb-0\"><span class=\"g-font-weight-600\">Capacit\u00e9 du r\u00e9servoir de carburant<\/span><span class=\"pull-right w-50\">.95 gal<\/span><\/div>\n<\/div>\n<\/div>\n<div class=\"g-pt-30 container\">\n<div class=\"col-lg-12 g-pa-0\">\n<div class=\"col-lg-12 g-brd-bottom g-brd-gray-light-v4 g-pt-0 g-pb-20 g-mb-0\"><span class=\"g-font-weight-600\">Temps de fonctionnement par r\u00e9servoir<\/span><span class=\"pull-right w-50\">3.2hr @ rated load 8.1 hrs @ 1\/4 load<\/span><\/div>\n<\/div>\n<\/div>\n<div class=\"g-pt-30 container\">\n<div class=\"col-lg-12 g-pa-0\">\n<div class=\"col-lg-12 g-brd-bottom g-brd-gray-light-v4 g-pt-0 g-pb-20 g-mb-0\"><span class=\"g-font-weight-600\">Dimensions (L x L x H)<\/span><span class=\"pull-right w-50\">20.0&#8243; x 11.4&#8243; x 16.7&#8243;<\/span><\/div>\n<\/div>\n<\/div>\n<div class=\"g-pt-30 container\">\n<div class=\"col-lg-12 g-pa-0\">\n<div class=\"col-lg-12 g-brd-bottom g-brd-gray-light-v4 g-pt-0 g-pb-20 g-mb-0\"><span class=\"g-font-weight-600\">Niveau de bruit<\/span><span class=\"pull-right w-50\">57 dB(A) @ rated load 48 dB(A) @ 1\/4 load<\/span><\/div>\n<\/div>\n<\/div>\n<div class=\"g-pt-30 container\">\n<div class=\"col-lg-12 g-pa-0\">\n<div class=\"col-lg-12 g-brd-bottom g-brd-gray-light-v4 g-pt-0 g-pb-20 g-mb-0\"><span class=\"g-font-weight-600\">Poids \u00e0 sec<\/span><span class=\"pull-right w-50\">47.4 lb.<\/span><\/div>\n<\/div>\n<\/div>\n<div class=\"g-pt-30 container\">\n<div class=\"col-lg-12 g-pa-0\">\n<div class=\"col-lg-12 g-brd-bottom g-brd-gray-light-v4 g-pt-0 g-pb-20 g-mb-0\"><span class=\"g-font-weight-600\">Garantie r\u00e9sidentielle<\/span><span class=\"pull-right w-50\">3 ans<\/span><\/div>\n<\/div>\n<\/div>\n<div class=\"g-pt-30 container\">\n<div class=\"col-lg-12 g-pa-0\">\n<div class=\"col-lg-12 g-brd-bottom g-brd-gray-light-v4 g-pt-0 g-pb-20 g-mb-0\"><span class=\"g-font-weight-600\">Garantie commerciale<\/span><span class=\"pull-right w-50\">12 mois<\/span><\/div>\n<\/div>\n<\/div>\n<\/div>\n<\/div>","protected":false},"excerpt":{"rendered":"<ul class=\"g-ml-0 g-pl-20\">\n<li>Super quiet, lightweight &amp; fuel efficient<\/li>\n<li>OSHA worksite compliant<\/li>\n<li>Inverter: stable power for sensitive equipment &amp; electronics<\/li>\n<li>CO-MINDER : syst\u00e8me avanc\u00e9 de d\u00e9tection du monoxyde de carbone<\/li>\n<\/ul>\n<p>&nbsp;<\/p>","protected":false},"featured_media":498,"comment_status":"open","ping_status":"closed","template":"","meta":[],"product_brand":[],"product_cat":[42],"product_tag":[80,83,81],"class_list":{"0":"post-494","1":"product","2":"type-product","3":"status-publish","4":"has-post-thumbnail","6":"product_cat-honda-generators","7":"product_tag-honda-eb2200i","8":"product_tag-honda-eb2200i-generator","9":"product_tag-honda-generator-eb2200i","11":"first","12":"instock","13":"shipping-taxable","14":"purchasable","15":"product-type-simple"},"yoast_head":"<!-- This site is optimized with the Yoast SEO plugin v24.9 - https:\/\/yoast.com\/wordpress\/plugins\/seo\/ -->\n<title>EB2200i - HONDA POWER EQUIPMENT<\/title>\n<meta name=\"description\" content=\"Order now, The Honda EB2200 generator offers 2200 watts of inverter power, ideal for construction, rental, industrial &amp; professional use.\" \/>\n<meta name=\"robots\" content=\"index, follow, max-snippet:-1, max-image-preview:large, max-video-preview:-1\" \/>\n<link rel=\"canonical\" href=\"https:\/\/hondapwerequipment.com\/fr\/produit\/eb2200i\/\" \/>\n<meta property=\"og:locale\" content=\"fr_FR\" \/>\n<meta property=\"og:type\" content=\"article\" \/>\n<meta property=\"og:title\" content=\"EB2200i - HONDA POWER EQUIPMENT\" \/>\n<meta property=\"og:description\" content=\"Order now, The Honda EB2200 generator offers 2200 watts of inverter power, ideal for construction, rental, industrial &amp; professional use.\" \/>\n<meta property=\"og:url\" content=\"https:\/\/hondapwerequipment.com\/fr\/produit\/eb2200i\/\" \/>\n<meta property=\"og:site_name\" content=\"HONDA POWER EQUIPMENT\" \/>\n<meta property=\"article:modified_time\" content=\"2025-02-09T08:47:25+00:00\" \/>\n<meta property=\"og:image\" content=\"https:\/\/hondapwerequipment.com\/wp-content\/uploads\/2025\/02\/honda_eb2200itag_left.jpg\" \/>\n\t<meta property=\"og:image:width\" content=\"850\" \/>\n\t<meta property=\"og:image:height\" content=\"850\" \/>\n\t<meta property=\"og:image:type\" content=\"image\/jpeg\" \/>\n<meta name=\"twitter:card\" content=\"summary_large_image\" \/>\n<meta name=\"twitter:label1\" content=\"Dur\u00e9e de lecture estim\u00e9e\" \/>\n\t<meta name=\"twitter:data1\" content=\"6 minutes\" \/>\n<script type=\"application\/ld+json\" class=\"yoast-schema-graph\">{\"@context\":\"https:\/\/schema.org\",\"@graph\":[{\"@type\":\"WebPage\",\"@id\":\"https:\/\/hondapwerequipment.com\/fr\/produit\/eb2200i\/\",\"url\":\"https:\/\/hondapwerequipment.com\/fr\/produit\/eb2200i\/\",\"name\":\"EB2200i - HONDA POWER EQUIPMENT\",\"isPartOf\":{\"@id\":\"https:\/\/hondapwerequipment.com\/#website\"},\"primaryImageOfPage\":{\"@id\":\"https:\/\/hondapwerequipment.com\/fr\/produit\/eb2200i\/#primaryimage\"},\"image\":{\"@id\":\"https:\/\/hondapwerequipment.com\/fr\/produit\/eb2200i\/#primaryimage\"},\"thumbnailUrl\":\"https:\/\/hondapwerequipment.com\/wp-content\/uploads\/2025\/02\/honda_eb2200itag_left.jpg\",\"datePublished\":\"2025-02-09T08:25:17+00:00\",\"dateModified\":\"2025-02-09T08:47:25+00:00\",\"description\":\"Order now, The Honda EB2200 generator offers 2200 watts of inverter power, ideal for construction, rental, industrial & professional use.\",\"breadcrumb\":{\"@id\":\"https:\/\/hondapwerequipment.com\/fr\/produit\/eb2200i\/#breadcrumb\"},\"inLanguage\":\"fr-FR\",\"potentialAction\":[{\"@type\":\"ReadAction\",\"target\":[\"https:\/\/hondapwerequipment.com\/fr\/produit\/eb2200i\/\"]}]},{\"@type\":\"ImageObject\",\"inLanguage\":\"fr-FR\",\"@id\":\"https:\/\/hondapwerequipment.com\/fr\/produit\/eb2200i\/#primaryimage\",\"url\":\"https:\/\/hondapwerequipment.com\/wp-content\/uploads\/2025\/02\/honda_eb2200itag_left.jpg\",\"contentUrl\":\"https:\/\/hondapwerequipment.com\/wp-content\/uploads\/2025\/02\/honda_eb2200itag_left.jpg\",\"width\":850,\"height\":850,\"caption\":\"EB2200i\"},{\"@type\":\"BreadcrumbList\",\"@id\":\"https:\/\/hondapwerequipment.com\/fr\/produit\/eb2200i\/#breadcrumb\",\"itemListElement\":[{\"@type\":\"ListItem\",\"position\":1,\"name\":\"Home\",\"item\":\"https:\/\/hondapwerequipment.com\/\"},{\"@type\":\"ListItem\",\"position\":2,\"name\":\"Shop\",\"item\":\"https:\/\/hondapwerequipment.com\/?page_id=10\"},{\"@type\":\"ListItem\",\"position\":3,\"name\":\"EB2200i\"}]},{\"@type\":\"WebSite\",\"@id\":\"https:\/\/hondapwerequipment.com\/#website\",\"url\":\"https:\/\/hondapwerequipment.com\/\",\"name\":\"HONDA POWER EQUIPMENTS\",\"description\":\"Honda Power Equipment\",\"publisher\":{\"@id\":\"https:\/\/hondapwerequipment.com\/#organization\"},\"potentialAction\":[{\"@type\":\"SearchAction\",\"target\":{\"@type\":\"EntryPoint\",\"urlTemplate\":\"https:\/\/hondapwerequipment.com\/?s={search_term_string}\"},\"query-input\":{\"@type\":\"PropertyValueSpecification\",\"valueRequired\":true,\"valueName\":\"search_term_string\"}}],\"inLanguage\":\"fr-FR\"},{\"@type\":\"Organization\",\"@id\":\"https:\/\/hondapwerequipment.com\/#organization\",\"name\":\"HONDA POWER EQUIPMENTS STORE\",\"url\":\"https:\/\/hondapwerequipment.com\/\",\"logo\":{\"@type\":\"ImageObject\",\"inLanguage\":\"fr-FR\",\"@id\":\"https:\/\/hondapwerequipment.com\/#\/schema\/logo\/image\/\",\"url\":\"https:\/\/hondapwerequipment.com\/wp-content\/uploads\/2025\/02\/cropped-honda-power-equipment-logo.png\",\"contentUrl\":\"https:\/\/hondapwerequipment.com\/wp-content\/uploads\/2025\/02\/cropped-honda-power-equipment-logo.png\",\"width\":290,\"height\":70,\"caption\":\"HONDA POWER EQUIPMENTS STORE\"},\"image\":{\"@id\":\"https:\/\/hondapwerequipment.com\/#\/schema\/logo\/image\/\"}}]}<\/script>\n<!-- \/ Yoast SEO plugin. -->","yoast_head_json":{"title":"EB2200i - HONDA POWER EQUIPMENT","description":"Order now, The Honda EB2200 generator offers 2200 watts of inverter power, ideal for construction, rental, industrial & professional use.","robots":{"index":"index","follow":"follow","max-snippet":"max-snippet:-1","max-image-preview":"max-image-preview:large","max-video-preview":"max-video-preview:-1"},"canonical":"https:\/\/hondapwerequipment.com\/fr\/produit\/eb2200i\/","og_locale":"fr_FR","og_type":"article","og_title":"EB2200i - HONDA POWER EQUIPMENT","og_description":"Order now, The Honda EB2200 generator offers 2200 watts of inverter power, ideal for construction, rental, industrial & professional use.","og_url":"https:\/\/hondapwerequipment.com\/fr\/produit\/eb2200i\/","og_site_name":"HONDA POWER EQUIPMENT","article_modified_time":"2025-02-09T08:47:25+00:00","og_image":[{"width":850,"height":850,"url":"https:\/\/hondapwerequipment.com\/wp-content\/uploads\/2025\/02\/honda_eb2200itag_left.jpg","type":"image\/jpeg"}],"twitter_card":"summary_large_image","twitter_misc":{"Dur\u00e9e de lecture estim\u00e9e":"6 minutes"},"schema":{"@context":"https:\/\/schema.org","@graph":[{"@type":"WebPage","@id":"https:\/\/hondapwerequipment.com\/fr\/produit\/eb2200i\/","url":"https:\/\/hondapwerequipment.com\/fr\/produit\/eb2200i\/","name":"EB2200i - HONDA POWER EQUIPMENT","isPartOf":{"@id":"https:\/\/hondapwerequipment.com\/#website"},"primaryImageOfPage":{"@id":"https:\/\/hondapwerequipment.com\/fr\/produit\/eb2200i\/#primaryimage"},"image":{"@id":"https:\/\/hondapwerequipment.com\/fr\/produit\/eb2200i\/#primaryimage"},"thumbnailUrl":"https:\/\/hondapwerequipment.com\/wp-content\/uploads\/2025\/02\/honda_eb2200itag_left.jpg","datePublished":"2025-02-09T08:25:17+00:00","dateModified":"2025-02-09T08:47:25+00:00","description":"Order now, The Honda EB2200 generator offers 2200 watts of inverter power, ideal for construction, rental, industrial & professional use.","breadcrumb":{"@id":"https:\/\/hondapwerequipment.com\/fr\/produit\/eb2200i\/#breadcrumb"},"inLanguage":"fr-FR","potentialAction":[{"@type":"ReadAction","target":["https:\/\/hondapwerequipment.com\/fr\/produit\/eb2200i\/"]}]},{"@type":"ImageObject","inLanguage":"fr-FR","@id":"https:\/\/hondapwerequipment.com\/fr\/produit\/eb2200i\/#primaryimage","url":"https:\/\/hondapwerequipment.com\/wp-content\/uploads\/2025\/02\/honda_eb2200itag_left.jpg","contentUrl":"https:\/\/hondapwerequipment.com\/wp-content\/uploads\/2025\/02\/honda_eb2200itag_left.jpg","width":850,"height":850,"caption":"EB2200i"},{"@type":"BreadcrumbList","@id":"https:\/\/hondapwerequipment.com\/fr\/produit\/eb2200i\/#breadcrumb","itemListElement":[{"@type":"ListItem","position":1,"name":"Home","item":"https:\/\/hondapwerequipment.com\/"},{"@type":"ListItem","position":2,"name":"Shop","item":"https:\/\/hondapwerequipment.com\/?page_id=10"},{"@type":"ListItem","position":3,"name":"EB2200i"}]},{"@type":"WebSite","@id":"https:\/\/hondapwerequipment.com\/#website","url":"https:\/\/hondapwerequipment.com\/","name":"HONDA POWER EQUIPMENTS","description":"Honda Power Equipment","publisher":{"@id":"https:\/\/hondapwerequipment.com\/#organization"},"potentialAction":[{"@type":"SearchAction","target":{"@type":"EntryPoint","urlTemplate":"https:\/\/hondapwerequipment.com\/?s={search_term_string}"},"query-input":{"@type":"PropertyValueSpecification","valueRequired":true,"valueName":"search_term_string"}}],"inLanguage":"fr-FR"},{"@type":"Organization","@id":"https:\/\/hondapwerequipment.com\/#organization","name":"HONDA POWER EQUIPMENTS STORE","url":"https:\/\/hondapwerequipment.com\/","logo":{"@type":"ImageObject","inLanguage":"fr-FR","@id":"https:\/\/hondapwerequipment.com\/#\/schema\/logo\/image\/","url":"https:\/\/hondapwerequipment.com\/wp-content\/uploads\/2025\/02\/cropped-honda-power-equipment-logo.png","contentUrl":"https:\/\/hondapwerequipment.com\/wp-content\/uploads\/2025\/02\/cropped-honda-power-equipment-logo.png","width":290,"height":70,"caption":"HONDA POWER EQUIPMENTS STORE"},"image":{"@id":"https:\/\/hondapwerequipment.com\/#\/schema\/logo\/image\/"}}]}},"_links":{"self":[{"href":"https:\/\/hondapwerequipment.com\/fr\/wp-json\/wp\/v2\/product\/494","targetHints":{"allow":["GET"]}}],"collection":[{"href":"https:\/\/hondapwerequipment.com\/fr\/wp-json\/wp\/v2\/product"}],"about":[{"href":"https:\/\/hondapwerequipment.com\/fr\/wp-json\/wp\/v2\/types\/product"}],"replies":[{"embeddable":true,"href":"https:\/\/hondapwerequipment.com\/fr\/wp-json\/wp\/v2\/comments?post=494"}],"wp:featuredmedia":[{"embeddable":true,"href":"https:\/\/hondapwerequipment.com\/fr\/wp-json\/wp\/v2\/media\/498"}],"wp:attachment":[{"href":"https:\/\/hondapwerequipment.com\/fr\/wp-json\/wp\/v2\/media?parent=494"}],"wp:term":[{"taxonomy":"product_brand","embeddable":true,"href":"https:\/\/hondapwerequipment.com\/fr\/wp-json\/wp\/v2\/product_brand?post=494"},{"taxonomy":"product_cat","embeddable":true,"href":"https:\/\/hondapwerequipment.com\/fr\/wp-json\/wp\/v2\/product_cat?post=494"},{"taxonomy":"product_tag","embeddable":true,"href":"https:\/\/hondapwerequipment.com\/fr\/wp-json\/wp\/v2\/product_tag?post=494"}],"curies":[{"name":"wp","href":"https:\/\/api.w.org\/{rel}","templated":true}]}}