{"id":617,"date":"2025-02-09T19:33:31","date_gmt":"2025-02-09T19:33:31","guid":{"rendered":"https:\/\/hondapwerequipment.com\/?post_type=product&#038;p=617"},"modified":"2025-02-09T19:33:32","modified_gmt":"2025-02-09T19:33:32","slug":"fc600","status":"publish","type":"product","link":"https:\/\/hondapwerequipment.com\/es\/producto\/fc600\/","title":{"rendered":"FC600"},"content":{"rendered":"<div id=\"Features\" class=\"anchor2 container g-py-0\">\n<div class=\"row\">\n<h2><strong>Motoazada Honda FC600<\/strong><\/h2>\n<p>El motocultor de media p\u00faa Honda FC600 tiene un motor de calidad comercial y una anchura de trabajo de 26\u2033. El FC600 es ideal para labrar jardines medianos y grandes.<\/p>\n<div><\/div>\n<div><\/div>\n<div class=\"col-lg-2 featimg text-center g-pa-10 g-mb-0 g-font-weight-600\"><img decoding=\"async\" class=\"img-fluid\" src=\"https:\/\/services.powerequipment.honda.com\/content\/images\/pe\/models\/features\/thumbs\/gx160.jpg\" alt=\"Easy starting Honda OHV commercial grade engine\" \/><\/div>\n<div class=\"col-lg-4 g-pa-10 g-mb-0\"><span class=\"g-color-black g-font-weight-700\">Motor Honda OHV comercial de f\u00e1cil arranque<\/span>El motor Honda GX160 es potente, f\u00e1cil de arrancar y consume poco combustible.<\/p>\n<\/div>\n<div class=\"col-lg-2 featimg text-center g-pa-10 g-mb-0 g-font-weight-600\"><img decoding=\"async\" class=\"img-fluid\" src=\"https:\/\/services.powerequipment.honda.com\/content\/images\/pe\/models\/features\/thumbs\/tiller-staggered-tines.jpg\" alt=\"Staggered tines for smoother operation\" \/><\/div>\n<div class=\"col-lg-4 g-pa-10 g-mb-0\"><span class=\"g-color-black g-font-weight-700\">P\u00faas escalonadas para un funcionamiento m\u00e1s suave<\/span>Proporciona un funcionamiento suave y menos vibraciones, ayudando a mejorar el rendimiento del tim\u00f3n y a minimizar la fatiga del operador.<\/p>\n<\/div>\n<div class=\"col-lg-2 featimg text-center g-pa-10 g-mb-0 g-font-weight-600\"><img decoding=\"async\" class=\"img-fluid\" src=\"https:\/\/services.powerequipment.honda.com\/content\/images\/pe\/models\/features\/thumbs\/tiller-side-discs.jpg\" alt=\"Side discs standard\" \/><\/div>\n<div class=\"col-lg-4 g-pa-10 g-mb-0\"><span class=\"g-color-black g-font-weight-700\">Discos laterales de serie<\/span>Mantiene el arado alineado para un surcado m\u00e1s limpio, protege las plantas y evita que las p\u00faas se enganchen en vallas y aceras al arar cerca.<\/p>\n<\/div>\n<div class=\"col-lg-2 featimg text-center g-pa-10 g-mb-0 g-font-weight-600\"><img decoding=\"async\" class=\"img-fluid\" src=\"https:\/\/services.powerequipment.honda.com\/content\/images\/pe\/models\/features\/thumbs\/tiller-3-position-handle.jpg\" alt=\"Quick-adjust 3-position handle\" \/><\/div>\n<div class=\"col-lg-4 g-pa-10 g-mb-0\"><span class=\"g-color-black g-font-weight-700\">Empu\u00f1adura de ajuste r\u00e1pido de 3 posiciones<\/span>Se ajusta para ofrecer una altura de manejo c\u00f3moda, independientemente de su estatura.<\/p>\n<\/div>\n<div class=\"col-lg-2 featimg text-center g-pa-10 g-mb-0 g-font-weight-600\"><img decoding=\"async\" class=\"img-fluid\" src=\"https:\/\/services.powerequipment.honda.com\/content\/images\/pe\/models\/features\/thumbs\/fc600-depth-bar.jpg\" alt=\"Easy-to-use adjustable depth bar\" \/><\/div>\n<div class=\"col-lg-4 g-pa-10 g-mb-0\"><span class=\"g-color-black g-font-weight-700\">Barra de profundidad ajustable f\u00e1cil de usar<\/span>La barra de profundidad facilita el control de la profundidad y la velocidad de la fresadora. Esto ayuda a mejorar el rendimiento trabajando la tierra m\u00e1s a fondo. F\u00e1cil de ajustar, sin necesidad de herramientas.<\/p>\n<\/div>\n<div class=\"col-lg-2 featimg text-center g-pa-10 g-mb-0 g-font-weight-600\"><img decoding=\"async\" class=\"img-fluid\" src=\"https:\/\/services.powerequipment.honda.com\/content\/images\/pe\/models\/features\/thumbs\/fc600-engine-guard.jpg\" alt=\"Protective front engine guard\" \/><\/div>\n<div class=\"col-lg-4 g-pa-10 g-mb-0\"><span class=\"g-color-black g-font-weight-700\">Protecci\u00f3n delantera del motor<\/span>El protector frontal protege el motor y sirve como punto de amarre adicional.<\/p>\n<\/div>\n<div class=\"col-lg-2 featimg text-center g-pa-10 g-mb-0 g-font-weight-600\"><img decoding=\"async\" class=\"img-fluid\" src=\"https:\/\/services.powerequipment.honda.com\/content\/images\/pe\/models\/features\/thumbs\/tiller-retractable-wheel.jpg\" alt=\"Easy-to-raise, retractable transport wheel\" \/><\/div>\n<div class=\"col-lg-4 g-pa-10 g-mb-0\"><span class=\"g-color-black g-font-weight-700\">Rueda de transporte retr\u00e1ctil f\u00e1cil de levantar<\/span>Facilita el desplazamiento de la fresadora hacia y desde el jard\u00edn. Las ruedas se elevan f\u00e1cilmente hasta una posici\u00f3n de bloqueo al labrar<\/p>\n<\/div>\n<div class=\"col-lg-2 featimg text-center g-pa-10 g-mb-0 g-font-weight-600\"><\/div>\n<div class=\"col-lg-4 g-pa-10 g-mb-0\"><span class=\"g-color-black g-font-weight-700\">Anchura de laboreo de 26\u2033, di\u00e1metro de p\u00faas de 13\u2033.<\/span>Trabaje r\u00e1pidamente en grandes superficies de laboreo.<\/p>\n<\/div>\n<div class=\"col-lg-2 featimg text-center g-pa-10 g-mb-0 g-font-weight-600\"><\/div>\n<div class=\"col-lg-4 g-pa-10 g-mb-0\"><span class=\"g-color-black g-font-weight-700\">Filtro de aire de doble elemento<\/span>El filtro de aire premium de alta calidad protege el motocultor de su entorno de trabajo polvoriento y sucio.<\/p>\n<\/div>\n<div class=\"col-lg-2 featimg text-center g-pa-10 g-mb-0 g-font-weight-600\"><\/div>\n<div class=\"col-lg-4 g-pa-10 g-mb-0\"><span class=\"g-color-black g-font-weight-700\">El guardabarros reforzado protege el cintur\u00f3n y aumenta la durabilidad<\/span>La bancada del motor y los guardabarros reforzados ayudan a mantener la integridad de la unidad en aplicaciones exigentes<\/p>\n<\/div>\n<div class=\"col-lg-2 featimg text-center g-pa-10 g-mb-0 g-font-weight-600\"><\/div>\n<div class=\"col-lg-4 g-pa-10 g-mb-0\"><span class=\"g-color-black g-font-weight-700\">Caracter\u00edsticas de calidad comercial para una durabilidad superior<\/span>La FC600 ofrece numerosas caracter\u00edsticas dise\u00f1adas para condiciones duras, entre las que se incluyen:<br \/>\n- Manillar reforzado<br \/>\n- Protecci\u00f3n del eje del cierre de p\u00faas<br \/>\n- Bancada del motor reforzada<br \/>\n- Tap\u00f3n y filtro de combustible de calidad comercial<br \/>\n- Protectores de sellado del eje de p\u00faas y<br \/>\n- Silenciador resistente a la corrosi\u00f3n<\/p>\n<\/div>\n<\/div>\n<\/div>\n<div id=\"Specs\" class=\"anchor2 container g-py-0\">\n<div class=\"col-lg-12 g-pa-0\">\n<div class=\"u-heading-v3-1 g-bg-main g-brd-main u-heading-v3-1 g-bg-main g-brd-main g-my-30 col-lg-12 g-pa-0\">\n<h2 class=\"h3 u-heading-v3__title\">Especificaciones<\/h2>\n<\/div>\n<div class=\"g-pt-30 container\">\n<div class=\"col-lg-12 g-pa-0\">\n<div class=\"col-lg-12 g-brd-bottom g-brd-gray-light-v4 g-pt-0 g-pb-20 g-mb-0\"><span class=\"g-font-weight-600\">Tipo de tim\u00f3n<\/span><span class=\"pull-right w-50\">Media p\u00faa<\/span><\/div>\n<\/div>\n<\/div>\n<div class=\"g-pt-30 container\">\n<div class=\"col-lg-12 g-pa-0\">\n<div class=\"col-lg-12 g-brd-bottom g-brd-gray-light-v4 g-pt-0 g-pb-20 g-mb-0\"><span class=\"g-font-weight-600\">Anchura de laboreo<\/span><span class=\"pull-right w-50\">26&#8243;<\/span><\/div>\n<\/div>\n<\/div>\n<div class=\"g-pt-30 container\">\n<div class=\"col-lg-12 g-pa-0\">\n<div class=\"col-lg-12 g-brd-bottom g-brd-gray-light-v4 g-pt-0 g-pb-20 g-mb-0\"><span class=\"g-font-weight-600\">Di\u00e1metro de las p\u00faas<\/span><span class=\"pull-right w-50\">13&#8243;<\/span><\/div>\n<\/div>\n<\/div>\n<div class=\"g-pt-30 container\">\n<div class=\"col-lg-12 g-pa-0\">\n<div class=\"col-lg-12 g-brd-bottom g-brd-gray-light-v4 g-pt-0 g-pb-20 g-mb-0\"><span class=\"g-font-weight-600\">Motor<\/span><span class=\"pull-right w-50\">Honda GX160<\/span><\/div>\n<\/div>\n<\/div>\n<div class=\"g-pt-30 container\">\n<div class=\"col-lg-12 g-pa-0\">\n<div class=\"col-lg-12 g-brd-bottom g-brd-gray-light-v4 g-pt-0 g-pb-20 g-mb-0\"><span class=\"g-font-weight-600\">Desplazamiento<\/span><span class=\"pull-right w-50\">163 cc<\/span><\/div>\n<\/div>\n<\/div>\n<div class=\"g-pt-30 container\">\n<div class=\"col-lg-12 g-pa-0\">\n<div class=\"col-lg-12 g-brd-bottom g-brd-gray-light-v4 g-pt-0 g-pb-20 g-mb-0\"><span class=\"g-font-weight-600\">Filtro de aire<\/span><span class=\"pull-right w-50\">elemento dual<\/span><\/div>\n<\/div>\n<\/div>\n<div class=\"g-pt-30 container\">\n<div class=\"col-lg-12 g-pa-0\">\n<div class=\"col-lg-12 g-brd-bottom g-brd-gray-light-v4 g-pt-0 g-pb-20 g-mb-0\"><span class=\"g-font-weight-600\">Capacidad de combustible<\/span><span class=\"pull-right w-50\">2,5 qt.<\/span><\/div>\n<\/div>\n<\/div>\n<div class=\"g-pt-30 container\">\n<div class=\"col-lg-12 g-pa-0\">\n<div class=\"col-lg-12 g-brd-bottom g-brd-gray-light-v4 g-pt-0 g-pb-20 g-mb-0\"><span class=\"g-font-weight-600\">Velocidades de transmisi\u00f3n<\/span><span class=\"pull-right w-50\">1 - adelante<\/span><\/div>\n<\/div>\n<\/div>\n<div class=\"g-pt-30 container\">\n<div class=\"col-lg-12 g-pa-0\">\n<div class=\"col-lg-12 g-brd-bottom g-brd-gray-light-v4 g-pt-0 g-pb-20 g-mb-0\"><span class=\"g-font-weight-600\">Velocidad de las p\u00faas a r\u00e9gimen m\u00e1ximo del motor<\/span><span class=\"pull-right w-50\">84 rpm<\/span><\/div>\n<\/div>\n<\/div>\n<div class=\"g-pt-30 container\">\n<div class=\"col-lg-12 g-pa-0\">\n<div class=\"col-lg-12 g-brd-bottom g-brd-gray-light-v4 g-pt-0 g-pb-20 g-mb-0\"><span class=\"g-font-weight-600\">Tipo de transmisi\u00f3n<\/span><span class=\"pull-right w-50\">transmisi\u00f3n por cadena y engranaje<\/span><\/div>\n<\/div>\n<\/div>\n<div class=\"g-pt-30 container\">\n<div class=\"col-lg-12 g-pa-0\">\n<div class=\"col-lg-12 g-brd-bottom g-brd-gray-light-v4 g-pt-0 g-pb-20 g-mb-0\"><span class=\"g-font-weight-600\">Peso en seco<\/span><span class=\"pull-right w-50\">128 libras.<\/span><\/div>\n<\/div>\n<\/div>\n<div class=\"g-pt-30 container\">\n<div class=\"col-lg-12 g-pa-0\">\n<div class=\"col-lg-12 g-brd-bottom g-brd-gray-light-v4 g-pt-0 g-pb-20 g-mb-0\"><span class=\"g-font-weight-600\">Dimensiones (LxAxA)<\/span><span class=\"pull-right w-50\">55.9\u2033 x 26.4\u2033x42.3\u2033<\/span><\/div>\n<\/div>\n<\/div>\n<div class=\"g-pt-30 container\">\n<div class=\"col-lg-12 g-pa-0\">\n<div class=\"col-lg-12 g-brd-bottom g-brd-gray-light-v4 g-pt-0 g-pb-20 g-mb-0\"><span class=\"g-font-weight-600\">Garant\u00eda residencial<\/span><span class=\"pull-right w-50\">24 meses<\/span><\/div>\n<\/div>\n<\/div>\n<div class=\"g-pt-30 container\">\n<div class=\"col-lg-12 g-pa-0\">\n<div class=\"col-lg-12 g-brd-bottom g-brd-gray-light-v4 g-pt-0 g-pb-20 g-mb-0\"><span class=\"g-font-weight-600\">Garant\u00eda comercial<\/span><span class=\"pull-right w-50\">12 meses<\/span><\/div>\n<\/div>\n<\/div>\n<\/div>\n<\/div>","protected":false},"excerpt":{"rendered":"<ul class=\"g-ml-0 g-pl-20\">\n<li>Anchura de laboreo de 26<\/li>\n<li>Barra de profundidad ajustable f\u00e1cil de usar<\/li>\n<li>Rueda de transporte est\u00e1ndar<\/li>\n<\/ul>","protected":false},"featured_media":619,"comment_status":"open","ping_status":"closed","template":"","meta":[],"product_brand":[],"product_cat":[46],"product_tag":[119,120,121],"class_list":{"0":"post-617","1":"product","2":"type-product","3":"status-publish","4":"has-post-thumbnail","6":"product_cat-honda-tillers","7":"product_tag-honda-fc600","8":"product_tag-honda-fc600-tiller","9":"product_tag-honda-tiller-fc600","11":"first","12":"instock","13":"shipping-taxable","14":"purchasable","15":"product-type-simple"},"yoast_head":"<!-- This site is optimized with the Yoast SEO plugin v27.4 - https:\/\/yoast.com\/product\/yoast-seo-wordpress\/ -->\n<title>FC600 - HONDA POWER EQUIPMENT<\/title>\n<meta name=\"description\" content=\"The Honda FC600 mid-tine tiller has a commercial-grade engine and a 26&quot; tilling width. The FC600 mid-tine tiller is ideal for tilling medium to large gardens.\" \/>\n<meta name=\"robots\" content=\"index, follow, max-snippet:-1, max-image-preview:large, max-video-preview:-1\" \/>\n<link rel=\"canonical\" href=\"https:\/\/hondapwerequipment.com\/es\/tuote\/fc600\/\" \/>\n<meta property=\"og:locale\" content=\"es_MX\" \/>\n<meta property=\"og:type\" content=\"article\" \/>\n<meta property=\"og:title\" content=\"FC600 - HONDA POWER EQUIPMENT\" \/>\n<meta property=\"og:description\" content=\"The Honda FC600 mid-tine tiller has a commercial-grade engine and a 26&quot; tilling width. The FC600 mid-tine tiller is ideal for tilling medium to large gardens.\" \/>\n<meta property=\"og:url\" content=\"https:\/\/hondapwerequipment.com\/es\/tuote\/fc600\/\" \/>\n<meta property=\"og:site_name\" content=\"HONDA POWER EQUIPMENT\" \/>\n<meta property=\"article:modified_time\" content=\"2025-02-09T19:33:32+00:00\" \/>\n<meta property=\"og:image\" content=\"https:\/\/hondapwerequipment.com\/wp-content\/uploads\/2025\/02\/fc600_pe_imglg.jpg\" \/>\n\t<meta property=\"og:image:width\" content=\"1200\" \/>\n\t<meta property=\"og:image:height\" content=\"1200\" \/>\n\t<meta property=\"og:image:type\" content=\"image\/jpeg\" \/>\n<meta name=\"twitter:card\" content=\"summary_large_image\" \/>\n<meta name=\"twitter:label1\" content=\"Tiempo de lectura\" \/>\n\t<meta name=\"twitter:data1\" content=\"4 minutos\" \/>\n<script type=\"application\/ld+json\" class=\"yoast-schema-graph\">{\"@context\":\"https:\\\/\\\/schema.org\",\"@graph\":[{\"@type\":\"WebPage\",\"@id\":\"https:\\\/\\\/hondapwerequipment.com\\\/fi\\\/tuote\\\/fc600\\\/\",\"url\":\"https:\\\/\\\/hondapwerequipment.com\\\/fi\\\/tuote\\\/fc600\\\/\",\"name\":\"FC600 - HONDA POWER EQUIPMENT\",\"isPartOf\":{\"@id\":\"https:\\\/\\\/hondapwerequipment.com\\\/#website\"},\"primaryImageOfPage\":{\"@id\":\"https:\\\/\\\/hondapwerequipment.com\\\/fi\\\/tuote\\\/fc600\\\/#primaryimage\"},\"image\":{\"@id\":\"https:\\\/\\\/hondapwerequipment.com\\\/fi\\\/tuote\\\/fc600\\\/#primaryimage\"},\"thumbnailUrl\":\"https:\\\/\\\/hondapwerequipment.com\\\/wp-content\\\/uploads\\\/2025\\\/02\\\/fc600_pe_imglg.jpg\",\"datePublished\":\"2025-02-09T19:33:31+00:00\",\"dateModified\":\"2025-02-09T19:33:32+00:00\",\"description\":\"The Honda FC600 mid-tine tiller has a commercial-grade engine and a 26\\\" tilling width. The FC600 mid-tine tiller is ideal for tilling medium to large gardens.\",\"breadcrumb\":{\"@id\":\"https:\\\/\\\/hondapwerequipment.com\\\/fi\\\/tuote\\\/fc600\\\/#breadcrumb\"},\"inLanguage\":\"es\",\"potentialAction\":[{\"@type\":\"ReadAction\",\"target\":[\"https:\\\/\\\/hondapwerequipment.com\\\/fi\\\/tuote\\\/fc600\\\/\"]}]},{\"@type\":\"ImageObject\",\"inLanguage\":\"es\",\"@id\":\"https:\\\/\\\/hondapwerequipment.com\\\/fi\\\/tuote\\\/fc600\\\/#primaryimage\",\"url\":\"https:\\\/\\\/hondapwerequipment.com\\\/wp-content\\\/uploads\\\/2025\\\/02\\\/fc600_pe_imglg.jpg\",\"contentUrl\":\"https:\\\/\\\/hondapwerequipment.com\\\/wp-content\\\/uploads\\\/2025\\\/02\\\/fc600_pe_imglg.jpg\",\"width\":1200,\"height\":1200,\"caption\":\"honda tiller fc600\"},{\"@type\":\"BreadcrumbList\",\"@id\":\"https:\\\/\\\/hondapwerequipment.com\\\/fi\\\/tuote\\\/fc600\\\/#breadcrumb\",\"itemListElement\":[{\"@type\":\"ListItem\",\"position\":1,\"name\":\"Home\",\"item\":\"https:\\\/\\\/hondapwerequipment.com\\\/\"},{\"@type\":\"ListItem\",\"position\":2,\"name\":\"Shop\",\"item\":\"https:\\\/\\\/hondapwerequipment.com\\\/?page_id=10\"},{\"@type\":\"ListItem\",\"position\":3,\"name\":\"FC600\"}]},{\"@type\":\"WebSite\",\"@id\":\"https:\\\/\\\/hondapwerequipment.com\\\/#website\",\"url\":\"https:\\\/\\\/hondapwerequipment.com\\\/\",\"name\":\"HONDA POWER EQUIPMENTS\",\"description\":\"Honda Power Equipment\",\"publisher\":{\"@id\":\"https:\\\/\\\/hondapwerequipment.com\\\/#organization\"},\"potentialAction\":[{\"@type\":\"SearchAction\",\"target\":{\"@type\":\"EntryPoint\",\"urlTemplate\":\"https:\\\/\\\/hondapwerequipment.com\\\/?s={search_term_string}\"},\"query-input\":{\"@type\":\"PropertyValueSpecification\",\"valueRequired\":true,\"valueName\":\"search_term_string\"}}],\"inLanguage\":\"es\"},{\"@type\":\"Organization\",\"@id\":\"https:\\\/\\\/hondapwerequipment.com\\\/#organization\",\"name\":\"HONDA POWER EQUIPMENTS STORE\",\"url\":\"https:\\\/\\\/hondapwerequipment.com\\\/\",\"logo\":{\"@type\":\"ImageObject\",\"inLanguage\":\"es\",\"@id\":\"https:\\\/\\\/hondapwerequipment.com\\\/#\\\/schema\\\/logo\\\/image\\\/\",\"url\":\"https:\\\/\\\/hondapwerequipment.com\\\/wp-content\\\/uploads\\\/2025\\\/02\\\/cropped-honda-power-equipment-logo.png\",\"contentUrl\":\"https:\\\/\\\/hondapwerequipment.com\\\/wp-content\\\/uploads\\\/2025\\\/02\\\/cropped-honda-power-equipment-logo.png\",\"width\":290,\"height\":70,\"caption\":\"HONDA POWER EQUIPMENTS STORE\"},\"image\":{\"@id\":\"https:\\\/\\\/hondapwerequipment.com\\\/#\\\/schema\\\/logo\\\/image\\\/\"}}]}<\/script>\n<!-- \/ Yoast SEO plugin. -->","yoast_head_json":{"title":"FC600 - HONDA POWER EQUIPMENT","description":"The Honda FC600 mid-tine tiller has a commercial-grade engine and a 26\" tilling width. The FC600 mid-tine tiller is ideal for tilling medium to large gardens.","robots":{"index":"index","follow":"follow","max-snippet":"max-snippet:-1","max-image-preview":"max-image-preview:large","max-video-preview":"max-video-preview:-1"},"canonical":"https:\/\/hondapwerequipment.com\/es\/tuote\/fc600\/","og_locale":"es_MX","og_type":"article","og_title":"FC600 - HONDA POWER EQUIPMENT","og_description":"The Honda FC600 mid-tine tiller has a commercial-grade engine and a 26\" tilling width. The FC600 mid-tine tiller is ideal for tilling medium to large gardens.","og_url":"https:\/\/hondapwerequipment.com\/es\/tuote\/fc600\/","og_site_name":"HONDA POWER EQUIPMENT","article_modified_time":"2025-02-09T19:33:32+00:00","og_image":[{"width":1200,"height":1200,"url":"https:\/\/hondapwerequipment.com\/wp-content\/uploads\/2025\/02\/fc600_pe_imglg.jpg","type":"image\/jpeg"}],"twitter_card":"summary_large_image","twitter_misc":{"Tiempo de lectura":"4 minutos"},"schema":{"@context":"https:\/\/schema.org","@graph":[{"@type":"WebPage","@id":"https:\/\/hondapwerequipment.com\/fi\/tuote\/fc600\/","url":"https:\/\/hondapwerequipment.com\/fi\/tuote\/fc600\/","name":"FC600 - HONDA POWER EQUIPMENT","isPartOf":{"@id":"https:\/\/hondapwerequipment.com\/#website"},"primaryImageOfPage":{"@id":"https:\/\/hondapwerequipment.com\/fi\/tuote\/fc600\/#primaryimage"},"image":{"@id":"https:\/\/hondapwerequipment.com\/fi\/tuote\/fc600\/#primaryimage"},"thumbnailUrl":"https:\/\/hondapwerequipment.com\/wp-content\/uploads\/2025\/02\/fc600_pe_imglg.jpg","datePublished":"2025-02-09T19:33:31+00:00","dateModified":"2025-02-09T19:33:32+00:00","description":"The Honda FC600 mid-tine tiller has a commercial-grade engine and a 26\" tilling width. The FC600 mid-tine tiller is ideal for tilling medium to large gardens.","breadcrumb":{"@id":"https:\/\/hondapwerequipment.com\/fi\/tuote\/fc600\/#breadcrumb"},"inLanguage":"es","potentialAction":[{"@type":"ReadAction","target":["https:\/\/hondapwerequipment.com\/fi\/tuote\/fc600\/"]}]},{"@type":"ImageObject","inLanguage":"es","@id":"https:\/\/hondapwerequipment.com\/fi\/tuote\/fc600\/#primaryimage","url":"https:\/\/hondapwerequipment.com\/wp-content\/uploads\/2025\/02\/fc600_pe_imglg.jpg","contentUrl":"https:\/\/hondapwerequipment.com\/wp-content\/uploads\/2025\/02\/fc600_pe_imglg.jpg","width":1200,"height":1200,"caption":"honda tiller fc600"},{"@type":"BreadcrumbList","@id":"https:\/\/hondapwerequipment.com\/fi\/tuote\/fc600\/#breadcrumb","itemListElement":[{"@type":"ListItem","position":1,"name":"Home","item":"https:\/\/hondapwerequipment.com\/"},{"@type":"ListItem","position":2,"name":"Shop","item":"https:\/\/hondapwerequipment.com\/?page_id=10"},{"@type":"ListItem","position":3,"name":"FC600"}]},{"@type":"WebSite","@id":"https:\/\/hondapwerequipment.com\/#website","url":"https:\/\/hondapwerequipment.com\/","name":"HONDA POWER EQUIPMENTS","description":"Honda Power Equipment","publisher":{"@id":"https:\/\/hondapwerequipment.com\/#organization"},"potentialAction":[{"@type":"SearchAction","target":{"@type":"EntryPoint","urlTemplate":"https:\/\/hondapwerequipment.com\/?s={search_term_string}"},"query-input":{"@type":"PropertyValueSpecification","valueRequired":true,"valueName":"search_term_string"}}],"inLanguage":"es"},{"@type":"Organization","@id":"https:\/\/hondapwerequipment.com\/#organization","name":"HONDA POWER EQUIPMENTS STORE","url":"https:\/\/hondapwerequipment.com\/","logo":{"@type":"ImageObject","inLanguage":"es","@id":"https:\/\/hondapwerequipment.com\/#\/schema\/logo\/image\/","url":"https:\/\/hondapwerequipment.com\/wp-content\/uploads\/2025\/02\/cropped-honda-power-equipment-logo.png","contentUrl":"https:\/\/hondapwerequipment.com\/wp-content\/uploads\/2025\/02\/cropped-honda-power-equipment-logo.png","width":290,"height":70,"caption":"HONDA POWER EQUIPMENTS STORE"},"image":{"@id":"https:\/\/hondapwerequipment.com\/#\/schema\/logo\/image\/"}}]}},"_links":{"self":[{"href":"https:\/\/hondapwerequipment.com\/es\/wp-json\/wp\/v2\/product\/617","targetHints":{"allow":["GET"]}}],"collection":[{"href":"https:\/\/hondapwerequipment.com\/es\/wp-json\/wp\/v2\/product"}],"about":[{"href":"https:\/\/hondapwerequipment.com\/es\/wp-json\/wp\/v2\/types\/product"}],"replies":[{"embeddable":true,"href":"https:\/\/hondapwerequipment.com\/es\/wp-json\/wp\/v2\/comments?post=617"}],"wp:featuredmedia":[{"embeddable":true,"href":"https:\/\/hondapwerequipment.com\/es\/wp-json\/wp\/v2\/media\/619"}],"wp:attachment":[{"href":"https:\/\/hondapwerequipment.com\/es\/wp-json\/wp\/v2\/media?parent=617"}],"wp:term":[{"taxonomy":"product_brand","embeddable":true,"href":"https:\/\/hondapwerequipment.com\/es\/wp-json\/wp\/v2\/product_brand?post=617"},{"taxonomy":"product_cat","embeddable":true,"href":"https:\/\/hondapwerequipment.com\/es\/wp-json\/wp\/v2\/product_cat?post=617"},{"taxonomy":"product_tag","embeddable":true,"href":"https:\/\/hondapwerequipment.com\/es\/wp-json\/wp\/v2\/product_tag?post=617"}],"curies":[{"name":"wp","href":"https:\/\/api.w.org\/{rel}","templated":true}]}}